{"id":88940,"date":"2021-12-14T05:53:04","date_gmt":"2021-12-14T05:53:04","guid":{"rendered":"https:\/\/www.nexxumgroup.com\/?page_id=88940"},"modified":"2024-11-28T10:57:07","modified_gmt":"2024-11-28T10:57:07","slug":"servicios","status":"publish","type":"page","link":"https:\/\/www.nexxumgroup.com\/es\/servicios\/","title":{"rendered":"Servicios"},"content":{"rendered":"<p>[vc_row][vc_column width=\u00bb1\/1&#8243;][vc_empty_space empty_h=\u00bb1&#8243;][\/vc_column][\/vc_row][vc_row unlock_row_content=\u00bbyes\u00bb row_height_percent=\u00bb50&#8243; override_padding=\u00bbyes\u00bb h_padding=\u00bb0&#8243; top_padding=\u00bb0&#8243; bottom_padding=\u00bb0&#8243; back_color=\u00bbcolor-wayh\u00bb overlay_alpha=\u00bb100&#8243; equal_height=\u00bbyes\u00bb gutter_size=\u00bb0&#8243; shift_y=\u00bb0&#8243; style=\u00bbinherited\u00bb][vc_column column_width_percent=\u00bb100&#8243; position_horizontal=\u00bbleft\u00bb position_vertical=\u00bbmiddle\u00bb align_horizontal=\u00bbalign_center\u00bb gutter_size=\u00bb3&#8243; override_padding=\u00bbyes\u00bb column_padding=\u00bb5&#8243; back_color=\u00bbcolor-xsdn\u00bb overlay_alpha=\u00bb100&#8243; shift_x=\u00bb0&#8243; shift_y=\u00bb0&#8243; medium_width=\u00bb3&#8243; css_animation=\u00bbzoom-in\u00bb zoom_width=\u00bb0&#8243; zoom_height=\u00bb0&#8243; width=\u00bb1\/3&#8243;][vc_icon icon_image=\u00bb88168&#8243; text_font=\u00bbfont-156269&#8243; text_size=\u00bbh1&#8243; align=\u00bb\u00bb title=\u00bbCONSTRUCCI\u00d3N\u00bb]<\/p>\n<div>\n<p><span lang=\"ES\">Nexxum Group es un Contratista General que se especializa en todo tipo de construcciones, en las \u00e1reas de proyectos de venta al por menor, industriales y comerciales. Desde obra nueva y construcciones hasta peque\u00f1os proyectos, brindamos servicios para satisfacer las demandas de nuestros clientes a medida que continuamos esforz\u00e1ndonos por superar sus expectativas.<\/span><\/p>\n<\/div>\n<p>[\/vc_icon][\/vc_column][vc_column column_width_percent=\u00bb100&#8243; position_horizontal=\u00bbleft\u00bb gutter_size=\u00bb3&#8243; back_color=\u00bbcolor-lxmt\u00bb back_image=\u00bb88171&#8243; overlay_alpha=\u00bb100&#8243; shift_x=\u00bb0&#8243; shift_y=\u00bb0&#8243; shift_y_down=\u00bb0&#8243; z_index=\u00bb0&#8243; medium_width=\u00bb3&#8243; mobile_width=\u00bb0&#8243; css_animation=\u00bbzoom-in\u00bb animation_delay=\u00bb200&#8243; zoom_width=\u00bb0&#8243; zoom_height=\u00bb0&#8243; width=\u00bb1\/3&#8243; mobile_height=\u00bb260&#8243;][\/vc_column][vc_column column_width_percent=\u00bb100&#8243; position_vertical=\u00bbmiddle\u00bb align_horizontal=\u00bbalign_center\u00bb gutter_size=\u00bb3&#8243; override_padding=\u00bbyes\u00bb column_padding=\u00bb5&#8243; back_color=\u00bbcolor-xsdn\u00bb overlay_alpha=\u00bb50&#8243; shift_x=\u00bb0&#8243; shift_y=\u00bb0&#8243; medium_width=\u00bb3&#8243; css_animation=\u00bbzoom-in\u00bb animation_delay=\u00bb400&#8243; zoom_width=\u00bb0&#8243; zoom_height=\u00bb0&#8243; width=\u00bb1\/3&#8243;][vc_icon icon_image=\u00bb88168&#8243; text_font=\u00bbfont-156269&#8243; text_size=\u00bbh1&#8243; align=\u00bb\u00bb title=\u00bbPROYECTOS ESPECIALES\u00bb]<\/p>\n<div>\n<p><span lang=\"ES\">Redise\u00f1o y modernizaci\u00f3n de iluminaci\u00f3n \/ LED, dise\u00f1o de accesorios, instalaci\u00f3n o reparaci\u00f3n, programas de implementaci\u00f3n y estudios del lugar son solo algunos de los servicios que <strong>Nexxum Group<\/strong> ofrece a sus clientes. Tanto si se trata de restauraci\u00f3n y rehabilitaci\u00f3n de accesorios, revestimiento de paredes o pintura, o de un programa de modernizaci\u00f3n de iluminaci\u00f3n, tenemos equipos de \u00abSwat\u00bb capacitados para llevar a cabo estos proyectos y m\u00e1s, preparados para funcionar en cualquier momento, en todas partes de Europa.<\/span><\/p>\n<\/div>\n<p>[\/vc_icon][\/vc_column][\/vc_row][vc_row unlock_row_content=\u00bbyes\u00bb row_height_percent=\u00bb50&#8243; override_padding=\u00bbyes\u00bb h_padding=\u00bb0&#8243; top_padding=\u00bb0&#8243; bottom_padding=\u00bb0&#8243; back_color=\u00bbcolor-wayh\u00bb overlay_alpha=\u00bb100&#8243; equal_height=\u00bbyes\u00bb gutter_size=\u00bb0&#8243; shift_y=\u00bb0&#8243; style=\u00bbinherited\u00bb][vc_column column_width_percent=\u00bb100&#8243; position_horizontal=\u00bbleft\u00bb gutter_size=\u00bb3&#8243; back_color=\u00bbcolor-lxmt\u00bb back_image=\u00bb89227&#8243; back_position=\u00bbcenter center\u00bb overlay_alpha=\u00bb100&#8243; shift_x=\u00bb0&#8243; shift_y=\u00bb0&#8243; shift_y_down=\u00bb0&#8243; z_index=\u00bb0&#8243; medium_width=\u00bb3&#8243; mobile_width=\u00bb0&#8243; css_animation=\u00bbzoom-in\u00bb zoom_width=\u00bb0&#8243; zoom_height=\u00bb0&#8243; width=\u00bb1\/3&#8243; mobile_height=\u00bb260&#8243;][\/vc_column][vc_column column_width_percent=\u00bb100&#8243; position_horizontal=\u00bbleft\u00bb position_vertical=\u00bbmiddle\u00bb align_horizontal=\u00bbalign_center\u00bb gutter_size=\u00bb3&#8243; override_padding=\u00bbyes\u00bb column_padding=\u00bb5&#8243; back_color=\u00bbcolor-xsdn\u00bb overlay_alpha=\u00bb100&#8243; shift_x=\u00bb0&#8243; shift_y=\u00bb0&#8243; medium_width=\u00bb3&#8243; css_animation=\u00bbzoom-in\u00bb animation_delay=\u00bb200&#8243; zoom_width=\u00bb0&#8243; zoom_height=\u00bb0&#8243; width=\u00bb1\/3&#8243;][vc_icon icon_image=\u00bb88168&#8243; text_font=\u00bbfont-156269&#8243; text_size=\u00bbh1&#8243; align=\u00bb\u00bb title=\u00bbMANTENIMIENTO PREVENTIVO\u00bb]<strong>Nexxum Group<\/strong> ofrece soluciones de instalaciones integradas para tiendas que valoran la calidad, la consistencia y la confiabilidad. Nos encargamos de todos sus servicios de reparaci\u00f3n y mantenimiento, agilizando el proceso al permitirle abordar todos los problemas con un solo punto de contacto, asegurando as\u00ed que sus est\u00e1ndares siempre se cumplan. De esta manera, tenemos un enfoque continuo de las necesidades de cada ubicaci\u00f3n mientras mantenemos el \u00e9nfasis en el control de costos.[\/vc_icon][\/vc_column][vc_column column_width_percent=\u00bb100&#8243; position_horizontal=\u00bbleft\u00bb gutter_size=\u00bb3&#8243; back_color=\u00bbcolor-lxmt\u00bb back_image=\u00bb88175&#8243; overlay_alpha=\u00bb100&#8243; shift_x=\u00bb0&#8243; shift_y=\u00bb0&#8243; shift_y_down=\u00bb0&#8243; z_index=\u00bb0&#8243; medium_width=\u00bb3&#8243; mobile_width=\u00bb0&#8243; css_animation=\u00bbzoom-in\u00bb animation_delay=\u00bb400&#8243; zoom_width=\u00bb0&#8243; zoom_height=\u00bb0&#8243; width=\u00bb1\/3&#8243; mobile_height=\u00bb260&#8243;][\/vc_column][\/vc_row][vc_row unlock_row_content=\u00bbyes\u00bb row_height_percent=\u00bb50&#8243; override_padding=\u00bbyes\u00bb h_padding=\u00bb0&#8243; top_padding=\u00bb0&#8243; bottom_padding=\u00bb0&#8243; back_color=\u00bbcolor-wayh\u00bb overlay_alpha=\u00bb100&#8243; equal_height=\u00bbyes\u00bb gutter_size=\u00bb0&#8243; shift_y=\u00bb0&#8243; style=\u00bbinherited\u00bb][vc_column column_width_percent=\u00bb100&#8243; position_horizontal=\u00bbleft\u00bb position_vertical=\u00bbmiddle\u00bb align_horizontal=\u00bbalign_center\u00bb gutter_size=\u00bb3&#8243; override_padding=\u00bbyes\u00bb column_padding=\u00bb5&#8243; back_color=\u00bbcolor-xsdn\u00bb overlay_alpha=\u00bb100&#8243; shift_x=\u00bb0&#8243; shift_y=\u00bb0&#8243; medium_width=\u00bb3&#8243; css_animation=\u00bbzoom-in\u00bb zoom_width=\u00bb0&#8243; zoom_height=\u00bb0&#8243; width=\u00bb1\/3&#8243;][vc_icon icon_image=\u00bb88168&#8243; text_font=\u00bbfont-156269&#8243; text_size=\u00bbh1&#8243; align=\u00bb\u00bb title=\u00bbGESTI\u00d3N DE PROYECTOS\u00bb]En Nexxum Group estamos orgullosos de nuestra reputaci\u00f3n por proporcionar servicios de administraci\u00f3n de proyectos de construcci\u00f3n a clientes que buscan un alto nivel de servicio al cliente y atenci\u00f3n al detalle junto con precios competitivos. Estamos comprometidos a trabajar dentro de presupuestos y plazos ajustados para brindar resultados sobresalientes. Entre las empresas con las que hemos trabajado, en el pasado y en el presente, se incluyen: Apple, TESLA, Louis Vuitton, Ford, Volvo, Urban Outfitters, Humac, Deli_rant, Opticalia.[\/vc_icon][\/vc_column][vc_column column_width_percent=\u00bb100&#8243; position_horizontal=\u00bbleft\u00bb gutter_size=\u00bb3&#8243; back_color=\u00bbcolor-lxmt\u00bb back_image=\u00bb87943&#8243; overlay_alpha=\u00bb100&#8243; shift_x=\u00bb0&#8243; shift_y=\u00bb0&#8243; shift_y_down=\u00bb0&#8243; z_index=\u00bb0&#8243; medium_width=\u00bb3&#8243; mobile_width=\u00bb0&#8243; css_animation=\u00bbzoom-in\u00bb animation_delay=\u00bb200&#8243; zoom_width=\u00bb0&#8243; zoom_height=\u00bb0&#8243; width=\u00bb1\/3&#8243; mobile_height=\u00bb260&#8243;][\/vc_column][vc_column column_width_percent=\u00bb100&#8243; position_vertical=\u00bbmiddle\u00bb align_horizontal=\u00bbalign_center\u00bb gutter_size=\u00bb3&#8243; override_padding=\u00bbyes\u00bb column_padding=\u00bb5&#8243; back_color=\u00bbcolor-xsdn\u00bb overlay_alpha=\u00bb50&#8243; shift_x=\u00bb0&#8243; shift_y=\u00bb0&#8243; medium_width=\u00bb3&#8243; css_animation=\u00bbzoom-in\u00bb animation_delay=\u00bb400&#8243; zoom_width=\u00bb0&#8243; zoom_height=\u00bb0&#8243; width=\u00bb1\/3&#8243;][vc_icon icon_image=\u00bb88168&#8243; text_font=\u00bbfont-156269&#8243; text_size=\u00bbh1&#8243; align=\u00bb\u00bb title=\u00bbVER PROYECTOS\u00bb link=\u00bburl:https%3A%2F%2Fwww.nexxumgroup.com%2Findex.php%2Fprojects%2F\u00bb]NUESTROS CLIENTES SON NUESTRA MEJOR REFERENCIA[\/vc_icon][vc_button button_color=\u00bbaccent\u00bb size=\u00bbbtn-sm\u00bb radius=\u00bbbtn-round\u00bb border_animation=\u00bbbtn-ripple-in\u00bb border_width=\u00bb0&#8243; css_animation=\u00bbzoom-in\u00bb animation_delay=\u00bb100&#8243; link=\u00bburl:https%3A%2F%2Fwww.nexxumgroup.com%2Findex.php%2Fprojects%2F\u00bb]Proyectos[\/vc_button][\/vc_column][\/vc_row][vc_row row_height_percent=\u00bb0&#8243; override_padding=\u00bbyes\u00bb h_padding=\u00bb2&#8243; top_padding=\u00bb5&#8243; bottom_padding=\u00bb5&#8243; overlay_alpha=\u00bb0&#8243; gutter_size=\u00bb100&#8243; column_width_percent=\u00bb100&#8243; shift_y=\u00bb0&#8243; z_index=\u00bb0&#8243; style=\u00bbinherited\u00bb][vc_column column_width_percent=\u00bb100&#8243; align_horizontal=\u00bbalign_center\u00bb gutter_size=\u00bb4&#8243; overlay_alpha=\u00bb100&#8243; shift_x=\u00bb0&#8243; shift_y=\u00bb0&#8243; shift_y_down=\u00bb0&#8243; z_index=\u00bb0&#8243; medium_width=\u00bb0&#8243; mobile_width=\u00bb0&#8243; zoom_width=\u00bb0&#8243; zoom_height=\u00bb0&#8243; width=\u00bb1\/1&#8243;][vc_empty_space empty_h=\u00bb2&#8243;][vc_custom_heading heading_semantic=\u00bbh3&#8243; text_size=\u00bbh3&#8243; text_weight=\u00bb900&#8243; text_transform=\u00bbcapitalize\u00bb text_space=\u00bbfontspace-781688&#8243; sub_reduced=\u00bbyes\u00bb text_align=\u00bbtext-center\u00bb text_serif=\u00bb\u00bb subheading=\u00bbAbordamos y gestionamos cada proyecto con nuestros principios b\u00e1sicos de integridad, calidad y servicio.\u00bb]Servicios especiales[\/vc_custom_heading][vc_row_inner row_inner_height_percent=\u00bb0&#8243; overlay_alpha=\u00bb100&#8243; gutter_size=\u00bb4&#8243; shift_y=\u00bb0&#8243; limit_content=\u00bb\u00bb][vc_column_inner column_width_percent=\u00bb100&#8243; gutter_size=\u00bb3&#8243; overlay_alpha=\u00bb100&#8243; shift_x=\u00bb0&#8243; shift_y=\u00bb0&#8243; shift_y_down=\u00bb0&#8243; z_index=\u00bb0&#8243; medium_width=\u00bb3&#8243; mobile_width=\u00bb0&#8243; zoom_width=\u00bb0&#8243; zoom_height=\u00bb0&#8243; width=\u00bb1\/4&#8243;][vc_custom_heading heading_semantic=\u00bbh3&#8243; text_size=\u00bbh3&#8243; text_weight=\u00bb500&#8243;]Equipo de Respuesta R\u00e1pida[\/vc_custom_heading][vc_column_text]Respuesta inmediata ante emergencias 24 horas al d\u00eda, 7 d\u00edas a la semana:<\/p>\n<ul>\n<li>Servicios de cerrajer\u00eda<\/li>\n<li>Electricidad e iluminaci\u00f3n<\/li>\n<li>HVAC (calefacci\u00f3n, ventilaci\u00f3n y aire acondicionado)<\/li>\n<li>Fontaner\u00eda<\/li>\n<li>Reparaci\u00f3n de instalaciones, etc.<\/li>\n<\/ul>\n<p>[\/vc_column_text][\/vc_column_inner][vc_column_inner column_width_percent=\u00bb100&#8243; gutter_size=\u00bb3&#8243; overlay_alpha=\u00bb100&#8243; shift_x=\u00bb0&#8243; shift_y=\u00bb0&#8243; z_index=\u00bb0&#8243; medium_width=\u00bb3&#8243; zoom_width=\u00bb0&#8243; zoom_height=\u00bb0&#8243; width=\u00bb1\/4&#8243;][vc_custom_heading heading_semantic=\u00bbh3&#8243; text_size=\u00bbh3&#8243; text_weight=\u00bb500&#8243;]Trabajos especiales bajo demanda[\/vc_custom_heading][vc_column_text]Nuestro equipo cualificado trabaja regularmente con todo tipo de instalaciones en donde la precisi\u00f3n y la habilidad son de suma importancia. Suministramos una fuerza laboral profesional y detallista capaz de brindar servicios proactivos y reactivos para todas sus necesidades.[\/vc_column_text][\/vc_column_inner][vc_column_inner column_width_percent=\u00bb100&#8243; gutter_size=\u00bb3&#8243; overlay_alpha=\u00bb100&#8243; shift_x=\u00bb0&#8243; shift_y=\u00bb0&#8243; z_index=\u00bb0&#8243; medium_width=\u00bb3&#8243; zoom_width=\u00bb0&#8243; zoom_height=\u00bb0&#8243; width=\u00bb1\/4&#8243;][vc_custom_heading heading_semantic=\u00bbh3&#8243; text_size=\u00bbh3&#8243; text_weight=\u00bb500&#8243;]Mantenimiento predictivo y preventivo[\/vc_custom_heading][vc_column_text]Somos conscientes de que los sistemas HVAC (calefacci\u00f3n, ventilaci\u00f3n y aire acondicionado) actuales incluyen equipos sofisticados y la \u00faltima tecnolog\u00eda, y todos requieren un trabajo preciso y armonioso. Nuestros expertos brindan la soluci\u00f3n adecuada mediante el mantenimiento programado de HVAC y los servicios predictivos y de diagn\u00f3stico.[\/vc_column_text][\/vc_column_inner][vc_column_inner width=\u00bb1\/4&#8243;][vc_custom_heading heading_semantic=\u00bbh3&#8243; text_size=\u00bbh3&#8243; text_weight=\u00bb500&#8243;]Iluminaci\u00f3n perfecta, siempre[\/vc_custom_heading][vc_column_text]Para garantizar que sus sistemas de iluminaci\u00f3n y distribuci\u00f3n el\u00e9ctrica funcionen de manera eficiente, es necesario implementar un programa proactivo que pueda reducir los costos de manera efectiva, y adem\u00e1s es necesario mantener el buen funcionamiento y la apariencia de su negocio.[\/vc_column_text][\/vc_column_inner][\/vc_row_inner][\/vc_column][\/vc_row][vc_row row_height_percent=\u00bb0&#8243; override_padding=\u00bbyes\u00bb h_padding=\u00bb2&#8243; top_padding=\u00bb7&#8243; bottom_padding=\u00bb7&#8243; back_color=\u00bbaccent\u00bb back_image=\u00bb15067&#8243; back_position=\u00bbcenter center\u00bb parallax=\u00bbyes\u00bb overlay_color=\u00bbaccent\u00bb overlay_alpha=\u00bb95&#8243; gutter_size=\u00bb100&#8243; column_width_percent=\u00bb100&#8243; shift_y=\u00bb0&#8243; z_index=\u00bb0&#8243; style=\u00bbinherited\u00bb][vc_column column_width_percent=\u00bb100&#8243; position_vertical=\u00bbmiddle\u00bb align_horizontal=\u00bbalign_center\u00bb gutter_size=\u00bb3&#8243; style=\u00bbdark\u00bb overlay_alpha=\u00bb100&#8243; shift_x=\u00bb0&#8243; shift_y=\u00bb0&#8243; medium_width=\u00bb0&#8243; zoom_width=\u00bb0&#8243; zoom_height=\u00bb0&#8243; width=\u00bb1\/1&#8243;][vc_gallery el_id=\u00bbgallery-35677&#8243; type=\u00bbcarousel\u00bb medias=\u00bb12158,87868,87869,87867,87866&#8243; carousel_lg=\u00bb1&#8243; carousel_md=\u00bb1&#8243; carousel_sm=\u00bb1&#8243; gutter_size=\u00bb0&#8243; media_items=\u00bbicon,media|lightbox|original\u00bb carousel_type=\u00bbfade\u00bb carousel_interval=\u00bb5000&#8243; carousel_navspeed=\u00bb400&#8243; carousel_dots=\u00bbyes\u00bb carousel_dots_mobile=\u00bbyes\u00bb carousel_autoh=\u00bbyes\u00bb carousel_textual=\u00bbyes\u00bb stage_padding=\u00bb0&#8243; single_overlay_opacity=\u00bb50&#8243; single_h_align=\u00bbcenter\u00bb single_padding=\u00bb0&#8243; single_title_family=\u00bbfont-134980&#8243; single_title_dimension=\u00bbh3&#8243; single_title_height=\u00bbfontheight-524109&#8243; single_css_animation=\u00bbalpha-anim\u00bb single_animation_first=\u00bbyes\u00bb carousel_twitter=\u00bbyes\u00bb title=\u00bbTestimonials\u00bb][\/vc_column][\/vc_row]<\/p>\n","protected":false},"excerpt":{"rendered":"<p>[vc_row][vc_column width=\u00bb1\/1&#8243;][vc_empty_space empty_h=\u00bb1&#8243;][\/vc_column][\/vc_row][vc_row unlock_row_content=\u00bbyes\u00bb row_height_percent=\u00bb50&#8243; override_padding=\u00bbyes\u00bb h_padding=\u00bb0&#8243; top_padding=\u00bb0&#8243; bottom_padding=\u00bb0&#8243; back_color=\u00bbcolor-wayh\u00bb overlay_alpha=\u00bb100&#8243; equal_height=\u00bbyes\u00bb gutter_size=\u00bb0&#8243; shift_y=\u00bb0&#8243; style=\u00bbinherited\u00bb][vc_column column_width_percent=\u00bb100&#8243; position_horizontal=\u00bbleft\u00bb position_vertical=\u00bbmiddle\u00bb align_horizontal=\u00bbalign_center\u00bb gutter_size=\u00bb3&#8243; [&hellip;]<\/p>\n","protected":false},"author":2,"featured_media":89011,"parent":0,"menu_order":0,"comment_status":"closed","ping_status":"closed","template":"","meta":{"footnotes":""},"class_list":["post-88940","page","type-page","status-publish","has-post-thumbnail","hentry"],"_links":{"self":[{"href":"https:\/\/www.nexxumgroup.com\/es\/wp-json\/wp\/v2\/pages\/88940","targetHints":{"allow":["GET"]}}],"collection":[{"href":"https:\/\/www.nexxumgroup.com\/es\/wp-json\/wp\/v2\/pages"}],"about":[{"href":"https:\/\/www.nexxumgroup.com\/es\/wp-json\/wp\/v2\/types\/page"}],"author":[{"embeddable":true,"href":"https:\/\/www.nexxumgroup.com\/es\/wp-json\/wp\/v2\/users\/2"}],"replies":[{"embeddable":true,"href":"https:\/\/www.nexxumgroup.com\/es\/wp-json\/wp\/v2\/comments?post=88940"}],"version-history":[{"count":6,"href":"https:\/\/www.nexxumgroup.com\/es\/wp-json\/wp\/v2\/pages\/88940\/revisions"}],"predecessor-version":[{"id":89229,"href":"https:\/\/www.nexxumgroup.com\/es\/wp-json\/wp\/v2\/pages\/88940\/revisions\/89229"}],"wp:featuredmedia":[{"embeddable":true,"href":"https:\/\/www.nexxumgroup.com\/es\/wp-json\/wp\/v2\/media\/89011"}],"wp:attachment":[{"href":"https:\/\/www.nexxumgroup.com\/es\/wp-json\/wp\/v2\/media?parent=88940"}],"curies":[{"name":"wp","href":"https:\/\/api.w.org\/{rel}","templated":true}]}}