{"id":88913,"date":"2021-12-14T05:18:12","date_gmt":"2021-12-14T05:18:12","guid":{"rendered":"https:\/\/www.nexxumgroup.com\/?page_id=88913"},"modified":"2025-06-21T11:46:46","modified_gmt":"2025-06-21T11:46:46","slug":"contacto","status":"publish","type":"page","link":"https:\/\/www.nexxumgroup.com\/es\/contacto\/","title":{"rendered":"Contacto"},"content":{"rendered":"<p>[vc_row unlock_row=\u00bb\u00bb row_height_percent=\u00bb0&#8243; override_padding=\u00bbyes\u00bb h_padding=\u00bb2&#8243; top_padding=\u00bb3&#8243; bottom_padding=\u00bb3&#8243; overlay_alpha=\u00bb100&#8243; gutter_size=\u00bb3&#8243; shift_y=\u00bb0&#8243;][vc_column column_width_percent=\u00bb90&#8243; position_horizontal=\u00bbleft\u00bb gutter_size=\u00bb3&#8243; overlay_alpha=\u00bb100&#8243; shift_x=\u00bb0&#8243; shift_y=\u00bb0&#8243; medium_width=\u00bb5&#8243; zoom_width=\u00bb0&#8243; zoom_height=\u00bb0&#8243; width=\u00bb7\/12&#8243;][vc_custom_heading text_font=\u00bbfont-762333&#8243; text_size=\u00bbh4&#8243; text_transform=\u00bbcapitalize\u00bb text_align=\u00bbtext-left\u00bb text_uppercase=\u00bb\u00bb subheading=\u00bbSolicite una cotizaci\u00f3n gratuita. Simplemente complete el formulario a continuaci\u00f3n y nuestro equipo se pondr\u00e1 en contacto con usted lo antes posible.\u00bb]Cont\u00e1ctanos[\/vc_custom_heading][vc_separator]\n<div class=\"wpcf7 no-js\" id=\"wpcf7-f88915-o1\" lang=\"en-US\" dir=\"ltr\" data-wpcf7-id=\"88915\">\n<div class=\"screen-reader-response\"><p role=\"status\" aria-live=\"polite\" aria-atomic=\"true\"><\/p> <ul><\/ul><\/div>\n<form action=\"\/es\/wp-json\/wp\/v2\/pages\/88913#wpcf7-f88915-o1\" method=\"post\" class=\"wpcf7-form init input-background\" aria-label=\"Contact form\" novalidate=\"novalidate\" data-status=\"init\">\n<div style=\"display: none;\">\n<input type=\"hidden\" name=\"_wpcf7\" value=\"88915\" \/>\n<input type=\"hidden\" name=\"_wpcf7_version\" value=\"6.0.6\" \/>\n<input type=\"hidden\" name=\"_wpcf7_locale\" value=\"en_US\" \/>\n<input type=\"hidden\" name=\"_wpcf7_unit_tag\" value=\"wpcf7-f88915-o1\" \/>\n<input type=\"hidden\" name=\"_wpcf7_container_post\" value=\"0\" \/>\n<input type=\"hidden\" name=\"_wpcf7_posted_data_hash\" value=\"\" \/>\n<\/div>\n<p>Nombre (obligatorio)\n<\/p>\n<p><span class=\"wpcf7-form-control-wrap\" data-name=\"your-firstname\"><input size=\"40\" maxlength=\"400\" class=\"wpcf7-form-control wpcf7-text wpcf7-validates-as-required form-fluid\" aria-required=\"true\" aria-invalid=\"false\" value=\"\" type=\"text\" name=\"your-firstname\" \/><\/span>\n<\/p>\n<p>Nombre de la empresa\n<\/p>\n<p><span class=\"wpcf7-form-control-wrap\" data-name=\"text-948\"><input size=\"40\" maxlength=\"400\" class=\"wpcf7-form-control wpcf7-text form-fluid\" aria-invalid=\"false\" value=\"\" type=\"text\" name=\"text-948\" \/><\/span>\n<\/p>\n<p>Correo electr\u00f3nico (obligatorio)\n<\/p>\n<p><span class=\"wpcf7-form-control-wrap\" data-name=\"your-email\"><input size=\"40\" maxlength=\"400\" class=\"wpcf7-form-control wpcf7-email wpcf7-validates-as-required wpcf7-text wpcf7-validates-as-email form-fluid\" aria-required=\"true\" aria-invalid=\"false\" value=\"\" type=\"email\" name=\"your-email\" \/><\/span>\n<\/p>\n<p>Mensaje\n<\/p>\n<p><span class=\"wpcf7-form-control-wrap\" data-name=\"your-message\"><textarea cols=\"40\" rows=\"8\" maxlength=\"2000\" class=\"wpcf7-form-control wpcf7-textarea\" aria-invalid=\"false\" name=\"your-message\"><\/textarea><\/span>\n<\/p>\n<p><span class=\"wpcf7-form-control-wrap\" data-name=\"acceptance-678\"><span class=\"wpcf7-form-control wpcf7-acceptance optional\"><span class=\"wpcf7-list-item\"><label><input type=\"checkbox\" name=\"acceptance-678\" value=\"1\" aria-invalid=\"false\" \/><span class=\"wpcf7-list-item-label\">He le\u00eddo y acepto la <a href=\"https:\/\/www.nexxumgroup.com\/es\/politica-de-privacidad\/\" target=\"_blank\">Pol\u00edtica de Privacidad<\/a>.<\/span><\/label><\/span><\/span><\/span>\n<\/p>\n<p><input class=\"wpcf7-form-control wpcf7-submit has-spinner btn btn-accent btn-lg\" type=\"submit\" value=\"Enviar mensaje\" \/>\n<\/p><div class=\"wpcf7-response-output\" aria-hidden=\"true\"><\/div>\n<\/form>\n<\/div>\n[\/vc_column][vc_column column_width_percent=\u00bb100&#8243; position_horizontal=\u00bbleft\u00bb gutter_size=\u00bb3&#8243; overlay_alpha=\u00bb100&#8243; shift_x=\u00bb0&#8243; shift_y=\u00bb0&#8243; medium_width=\u00bb3&#8243; zoom_width=\u00bb0&#8243; zoom_height=\u00bb0&#8243; width=\u00bb5\/12&#8243;][vc_separator][vc_raw_html]JTNDaWZyYW1lJTIwc3JjJTNEJTIyaHR0cHMlM0ElMkYlMkZ3d3cuZ29vZ2xlLmNvbSUyRm1hcHMlMkZlbWJlZCUzRnBiJTNEJTIxMW0xOCUyMTFtMTIlMjExbTMlMjExZDMwNzkuOTgyNDMyOTIwODk1NSUyMTJkLTAuMzcyOTIyNzIzMDY3NDgzNjQlMjEzZDM5LjQ2OTcyNTU3MTYwNzUyNiUyMTJtMyUyMTFmMCUyMTJmMCUyMTNmMCUyMTNtMiUyMTFpMTAyNCUyMTJpNzY4JTIxNGYxMy4xJTIxM20zJTIxMW0yJTIxMXMweGQ2MDQ4YjQwMzE0Mjc0MSUyNTNBMHg2YWM0NTU5YTc1Y2NmYmY4JTIxMnpRMkZ5Y21WeUlHUmxJRU52Yk1PemJpd2dOakFzSURiQ3VpQmhMQ0JNSjBWcGVHRnRjR3hsTENBME5qQXdOQ0JXWVd6RHFHNWphV0UlMjE1ZTAlMjEzbTIlMjExc2VuJTIxMnNlcyUyMTR2MTc1MDUwNjM0ODk0NyUyMTVtMiUyMTFzZW4lMjEyc2VzJTIyJTIwd2lkdGglM0QlMjI2MDAlMjIlMjBoZWlnaHQlM0QlMjI0NTAlMjIlMjBzdHlsZSUzRCUyMmJvcmRlciUzQTAlM0IlMjIlMjBhbGxvd2Z1bGxzY3JlZW4lM0QlMjIlMjIlMjBsb2FkaW5nJTNEJTIybGF6eSUyMiUyMHJlZmVycmVycG9saWN5JTNEJTIybm8tcmVmZXJyZXItd2hlbi1kb3duZ3JhZGUlMjIlM0UlM0MlMkZpZnJhbWUlM0U=[\/vc_raw_html][vc_custom_heading text_font=\u00bbfont-762333&#8243; text_size=\u00bbh4&#8243; text_transform=\u00bbcapitalize\u00bb text_align=\u00bbtext-left\u00bb text_uppercase=\u00bb\u00bb subheading=\u00bbNEXXUM GROUP DESIGN AND CONSTRUCTION SL<br \/>\nC\/ COL\u00d3N 60, 6\u00ba A, 46004 Valencia SPAIN<br \/>\nEmail: contact@nexxumgroup.com<br \/>\nPhone: +34 96 306 0852&#8243;]Direcci\u00f3n:[\/vc_custom_heading][vc_separator][vc_icon position=\u00bbleft\u00bb icon=\u00bbfa fa-whatsapp\u00bb icon_color=\u00bbaccent\u00bb background_style=\u00bbfa-rounded\u00bb heading_semantic=\u00bbh5&#8243; text_font=\u00bbfont-762333&#8243; text_size=\u00bbh5&#8243; linked_title=\u00bbyes\u00bb align=\u00bbleft\u00bb title=\u00bb+34 96 306 0852&#8243; link=\u00bburl:tel%3A%2B34963060852&#8243;][\/vc_icon][\/vc_column][\/vc_row]<\/p>\n","protected":false},"excerpt":{"rendered":"<p>[vc_row unlock_row=\u00bb\u00bb row_height_percent=\u00bb0&#8243; override_padding=\u00bbyes\u00bb h_padding=\u00bb2&#8243; top_padding=\u00bb3&#8243; bottom_padding=\u00bb3&#8243; overlay_alpha=\u00bb100&#8243; gutter_size=\u00bb3&#8243; shift_y=\u00bb0&#8243;][vc_column column_width_percent=\u00bb90&#8243; position_horizontal=\u00bbleft\u00bb gutter_size=\u00bb3&#8243; overlay_alpha=\u00bb100&#8243; shift_x=\u00bb0&#8243; shift_y=\u00bb0&#8243; medium_width=\u00bb5&#8243; zoom_width=\u00bb0&#8243; zoom_height=\u00bb0&#8243; width=\u00bb7\/12&#8243;][vc_custom_heading [&hellip;]<\/p>\n","protected":false},"author":2,"featured_media":88588,"parent":0,"menu_order":0,"comment_status":"closed","ping_status":"closed","template":"","meta":{"footnotes":""},"class_list":["post-88913","page","type-page","status-publish","has-post-thumbnail","hentry"],"_links":{"self":[{"href":"https:\/\/www.nexxumgroup.com\/es\/wp-json\/wp\/v2\/pages\/88913","targetHints":{"allow":["GET"]}}],"collection":[{"href":"https:\/\/www.nexxumgroup.com\/es\/wp-json\/wp\/v2\/pages"}],"about":[{"href":"https:\/\/www.nexxumgroup.com\/es\/wp-json\/wp\/v2\/types\/page"}],"author":[{"embeddable":true,"href":"https:\/\/www.nexxumgroup.com\/es\/wp-json\/wp\/v2\/users\/2"}],"replies":[{"embeddable":true,"href":"https:\/\/www.nexxumgroup.com\/es\/wp-json\/wp\/v2\/comments?post=88913"}],"version-history":[{"count":6,"href":"https:\/\/www.nexxumgroup.com\/es\/wp-json\/wp\/v2\/pages\/88913\/revisions"}],"predecessor-version":[{"id":89259,"href":"https:\/\/www.nexxumgroup.com\/es\/wp-json\/wp\/v2\/pages\/88913\/revisions\/89259"}],"wp:featuredmedia":[{"embeddable":true,"href":"https:\/\/www.nexxumgroup.com\/es\/wp-json\/wp\/v2\/media\/88588"}],"wp:attachment":[{"href":"https:\/\/www.nexxumgroup.com\/es\/wp-json\/wp\/v2\/media?parent=88913"}],"curies":[{"name":"wp","href":"https:\/\/api.w.org\/{rel}","templated":true}]}}