{"id":88906,"date":"2021-12-14T05:08:51","date_gmt":"2021-12-14T05:08:51","guid":{"rendered":"https:\/\/www.nexxumgroup.com\/?page_id=88906"},"modified":"2025-07-15T19:00:13","modified_gmt":"2025-07-15T19:00:13","slug":"empresa","status":"publish","type":"page","link":"https:\/\/www.nexxumgroup.com\/es\/empresa\/","title":{"rendered":"Empresa"},"content":{"rendered":"<p>[vc_row unlock_row_content=\u00bbyes\u00bb row_height_percent=\u00bb0&#8243; override_padding=\u00bbyes\u00bb h_padding=\u00bb1&#8243; top_padding=\u00bb5&#8243; bottom_padding=\u00bb2&#8243; overlay_alpha=\u00bb0&#8243; gutter_size=\u00bb100&#8243; column_width_percent=\u00bb100&#8243; shift_y=\u00bb0&#8243; z_index=\u00bb0&#8243; style=\u00bbinherited\u00bb][vc_column column_width_percent=\u00bb100&#8243; align_horizontal=\u00bbalign_center\u00bb gutter_size=\u00bb4&#8243; overlay_alpha=\u00bb100&#8243; shift_x=\u00bb0&#8243; shift_y=\u00bb0&#8243; z_index=\u00bb0&#8243; medium_width=\u00bb0&#8243; zoom_width=\u00bb0&#8243; zoom_height=\u00bb0&#8243; width=\u00bb1\/1&#8243;][vc_row_inner row_inner_height_percent=\u00bb0&#8243; force_width_grid=\u00bbyes\u00bb overlay_alpha=\u00bb100&#8243; gutter_size=\u00bb3&#8243; shift_y=\u00bb0&#8243; z_index=\u00bb0&#8243; limit_content=\u00bb\u00bb][vc_column_inner column_width_use_pixel=\u00bbyes\u00bb align_horizontal=\u00bbalign_center\u00bb gutter_size=\u00bb3&#8243; overlay_alpha=\u00bb100&#8243; shift_x=\u00bb0&#8243; shift_y=\u00bb0&#8243; shift_y_down=\u00bb0&#8243; z_index=\u00bb0&#8243; medium_width=\u00bb0&#8243; mobile_width=\u00bb0&#8243; zoom_width=\u00bb0&#8243; zoom_height=\u00bb0&#8243; mobile_width_full=\u00bb\u00bb width=\u00bb1\/1&#8243; column_width_pixel=\u00bb640&#8243;][vc_custom_heading heading_semantic=\u00bbh3&#8243; text_size=\u00bbh3&#8243; text_space=\u00bbfontspace-781688&#8243; sub_lead=\u00bbyes\u00bb sub_reduced=\u00bbyes\u00bb text_align=\u00bbtext-center\u00bb text_serif=\u00bb\u00bb subheading=\u00bbAbordamos y gestionamos cada proyecto con nuestros principios fundamentales de integridad, calidad y servicio. Al ser proactivos e ingeniosos, nos aseguramos de que se mantengan los horarios y los presupuestos. Nos enorgullecemos de nuestra actitud ante cada reto profesional y de nuestra capacidad para resolver problemas. Nuestros clientes tienen un alto nivel de satisfacci\u00f3n en todos y cada uno de los proyectos que realizamos. Su satisfacci\u00f3n en nuestra motivaci\u00f3n.\u00bb]Nexxum Group[\/vc_custom_heading][\/vc_column_inner][\/vc_row_inner][\/vc_column][\/vc_row][vc_row row_height_percent=\u00bb0&#8243; override_padding=\u00bbyes\u00bb h_padding=\u00bb2&#8243; top_padding=\u00bb5&#8243; bottom_padding=\u00bb5&#8243; overlay_alpha=\u00bb100&#8243; gutter_size=\u00bb100&#8243; shift_y=\u00bb0&#8243; style=\u00bbinherited\u00bb][vc_column column_width_use_pixel=\u00bbyes\u00bb align_horizontal=\u00bbalign_center\u00bb gutter_size=\u00bb4&#8243; font_family=\u00bbfont-134980&#8243; overlay_alpha=\u00bb100&#8243; shift_x=\u00bb0&#8243; shift_y=\u00bb0&#8243; medium_width=\u00bb0&#8243; zoom_width=\u00bb0&#8243; zoom_height=\u00bb0&#8243; width=\u00bb1\/1&#8243;][vc_tabs][vc_tab gutter_size=\u00bb2&#8243; column_padding=\u00bb2&#8243; no_margin=\u00bbyes\u00bb title=\u00bbPor qu\u00e9 lo hacemos\u00bb tab_id=\u00bb1434114947-1-82&#8243;][vc_column_text text_lead=\u00bbyes\u00bb]<strong>Por qu\u00e9 lo hacemos<\/strong><\/p>\n<p>Creemos firmemente que nuestros clientes desean el apoyo necesario para construir y mantener sus ubicaciones de venta minorista de una manera que mejore su marca y contin\u00fae impulsando sus ventas.[\/vc_column_text][\/vc_tab][vc_tab gutter_size=\u00bb2&#8243; column_padding=\u00bb2&#8243; no_margin=\u00bbyes\u00bb title=\u00bbC\u00f3mo lo hacemos\u00bb tab_id=\u00bb1434114947-2-86&#8243;][vc_column_text text_lead=\u00bbyes\u00bb]<strong>C\u00f3mo lo hacemos<\/strong><\/p>\n<div>\n<p><span lang=\"ES\">Hacemos esto ofreciendo servicios de construcci\u00f3n, mantenimiento de instalaciones y proyectos especiales. Lo que nos diferencia de otras empresas es nuestro alto nivel de servicio al cliente y la atenci\u00f3n a la m\u00e1xima calidad.<\/span><\/p>\n<\/div>\n<p>[\/vc_column_text][\/vc_tab][vc_tab gutter_size=\u00bb2&#8243; column_padding=\u00bb2&#8243; no_margin=\u00bbyes\u00bb title=\u00bbQu\u00e9 hacemos\u00bb tab_id=\u00bb1434115238057-2-1&#8243;][vc_column_text text_lead=\u00bbyes\u00bb]<strong>Qu\u00e9 hacemos<\/strong><\/p>\n<div>\n<p><span lang=\"ES\">En esencia, nos aseguramos de que los comercios de nuestros clientes se construyan y mantengan en las condiciones \u00f3ptimas que la marca requiere. Trabajamos juntos para desarrollar una estrategia que se adapte perfectamente a sus necesidades. Ya sea en la construcci\u00f3n de nuevas tiendas o en la implementaci\u00f3n de un programa de instalaciones de tiendas, contamos con una amplia experiencia brindando servicios que respalden sus objetivos.<\/span><\/p>\n<\/div>\n<p>[\/vc_column_text][\/vc_tab][\/vc_tabs][\/vc_column][\/vc_row][vc_row row_height_percent=\u00bb45&#8243; back_image=\u00bb88254&#8243; parallax=\u00bbyes\u00bb overlay_alpha=\u00bb50&#8243; gutter_size=\u00bb3&#8243; column_width_percent=\u00bb100&#8243; shift_y=\u00bb0&#8243; z_index=\u00bb0&#8243;][vc_column width=\u00bb1\/1&#8243;][\/vc_column][\/vc_row][vc_row row_height_percent=\u00bb0&#8243; override_padding=\u00bbyes\u00bb h_padding=\u00bb2&#8243; top_padding=\u00bb5&#8243; bottom_padding=\u00bb3&#8243; overlay_alpha=\u00bb0&#8243; gutter_size=\u00bb100&#8243; column_width_percent=\u00bb100&#8243; shift_y=\u00bb0&#8243; z_index=\u00bb0&#8243; desktop_visibility=\u00bbyes\u00bb medium_visibility=\u00bbyes\u00bb mobile_visibility=\u00bbyes\u00bb style=\u00bbinherited\u00bb][vc_column column_width_percent=\u00bb100&#8243; align_horizontal=\u00bbalign_center\u00bb gutter_size=\u00bb4&#8243; overlay_alpha=\u00bb100&#8243; shift_x=\u00bb0&#8243; shift_y=\u00bb0&#8243; z_index=\u00bb0&#8243; medium_width=\u00bb0&#8243; zoom_width=\u00bb0&#8243; zoom_height=\u00bb0&#8243; width=\u00bb1\/1&#8243;][vc_row_inner row_inner_height_percent=\u00bb0&#8243; overlay_alpha=\u00bb100&#8243; gutter_size=\u00bb3&#8243; shift_y=\u00bb0&#8243; limit_content=\u00bb\u00bb][vc_column_inner column_width_use_pixel=\u00bbyes\u00bb align_horizontal=\u00bbalign_center\u00bb gutter_size=\u00bb3&#8243; overlay_alpha=\u00bb100&#8243; shift_x=\u00bb0&#8243; shift_y=\u00bb0&#8243; shift_y_down=\u00bb0&#8243; z_index=\u00bb0&#8243; medium_width=\u00bb0&#8243; mobile_width=\u00bb0&#8243; zoom_width=\u00bb0&#8243; zoom_height=\u00bb0&#8243; mobile_width_full=\u00bb\u00bb width=\u00bb1\/1&#8243; column_width_pixel=\u00bb640&#8243;][vc_custom_heading heading_semantic=\u00bbh3&#8243; text_size=\u00bbh3&#8243; text_space=\u00bbfontspace-781688&#8243; sub_lead=\u00bbyes\u00bb sub_reduced=\u00bbyes\u00bb text_align=\u00bbtext-center\u00bb text_serif=\u00bb\u00bb subheading=\u00bbEn Nexxum Group estamos especializados en el trabajo de mantenimiento de comercios y restaurantes. Los integrantes de nuestro equipo cuentan con un amplio conocimiento que nos permite ofrecer lo m\u00e1ximo en servicio y en calidad de construcci\u00f3n. Estamos muy orgullosos de lo que podemos lograr y nuestro objetivo es &#8230;<br \/>\n<strong>\u201cLiderar la industria cambiando la forma en la que se perciben y valoran los servicios de construcci\u00f3n\u201d<\/strong>\u00ab]Nuestro equipo[\/vc_custom_heading][\/vc_column_inner][\/vc_row_inner][vc_empty_space empty_h=\u00bb3&#8243;][\/vc_column][\/vc_row][vc_row unlock_row_content=\u00bbyes\u00bb row_height_percent=\u00bb0&#8243; override_padding=\u00bbyes\u00bb h_padding=\u00bb0&#8243; top_padding=\u00bb0&#8243; bottom_padding=\u00bb0&#8243; back_color=\u00bbcolor-nhtu\u00bb overlay_alpha=\u00bb100&#8243; equal_height=\u00bbyes\u00bb gutter_size=\u00bb0&#8243; column_width_percent=\u00bb100&#8243; shift_y=\u00bb0&#8243; z_index=\u00bb0&#8243; desktop_visibility=\u00bbyes\u00bb medium_visibility=\u00bbyes\u00bb mobile_visibility=\u00bbyes\u00bb style=\u00bbinherited\u00bb row_name=\u00bbOur Team\u00bb el_class=\u00bboverflow-hidden\u00bb][vc_column column_width_percent=\u00bb100&#8243; position_horizontal=\u00bbleft\u00bb position_vertical=\u00bbmiddle\u00bb gutter_size=\u00bb3&#8243; override_padding=\u00bbyes\u00bb column_padding=\u00bb0&#8243; style=\u00bbdark\u00bb overlay_alpha=\u00bb100&#8243; shift_x=\u00bb0&#8243; shift_y=\u00bb0&#8243; medium_width=\u00bb0&#8243; zoom_width=\u00bb0&#8243; zoom_height=\u00bb0&#8243; width=\u00bb1\/1&#8243;][vc_gallery el_id=\u00bbgallery-23446&#8243; type=\u00bbcarousel\u00bb medias=\u00bb87625,87623,87624,87621,87611,88078,87619,87627,87630,87614,87626,88079,87628,87622,87631,88089,88080,88073,88077,88076,87617,87613,88081,88083,88082,88075,88074,87615,87629&#8243; carousel_lg=\u00bb5&#8243; carousel_md=\u00bb3&#8243; carousel_sm=\u00bb2&#8243; thumb_size=\u00bbone-one\u00bb gutter_size=\u00bb0&#8243; media_items=\u00bbmedia|custom_link|poster,title,caption,icon,team-social\u00bb carousel_interval=\u00bb0&#8243; carousel_navspeed=\u00bb400&#8243; carousel_loop=\u00bbyes\u00bb carousel_nav=\u00bbyes\u00bb carousel_nav_mobile=\u00bbyes\u00bb stage_padding=\u00bb0&#8243; single_back_color=\u00bbcolor-rgdb\u00bb single_overlay_color=\u00bbcolor-wayh\u00bb single_overlay_opacity=\u00bb50&#8243; single_image_anim=\u00bbno\u00bb single_h_align=\u00bbcenter\u00bb single_padding=\u00bb2&#8243; single_title_family=\u00bbfont-762333&#8243; single_title_dimension=\u00bbh4&#8243; single_title_space=\u00bbfontspace-111509&#8243; single_border=\u00bbyes\u00bb single_css_animation=\u00bbbottom-t-top\u00bb single_animation_delay=\u00bb200&#8243; title=\u00bbTeam Members\u00bb items=\u00bbeyI4NzYyM19pIjp7InNpbmdsZV9saW5rIjoidXJsOmh0dHAlM0ElMkYlMkZuZXh4dW0ud2ViLWNsdWIuZXMlMkZpbmRleC5waHAlMkZqZWZmLWJpcm5iYXVtJTJGfHRpdGxlOkplZmYlMjBCaXJuYmF1bSIsInNpbmdsZV9pY29uIjoiIn19&#8243;][\/vc_column][\/vc_row][vc_row row_height_percent=\u00bb0&#8243; override_padding=\u00bbyes\u00bb h_padding=\u00bb2&#8243; top_padding=\u00bb4&#8243; bottom_padding=\u00bb4&#8243; overlay_alpha=\u00bb50&#8243; gutter_size=\u00bb3&#8243; column_width_percent=\u00bb100&#8243; shift_y=\u00bb0&#8243; z_index=\u00bb0&#8243;][vc_column column_width_percent=\u00bb100&#8243; align_horizontal=\u00bbalign_center\u00bb gutter_size=\u00bb3&#8243; overlay_alpha=\u00bb50&#8243; shift_x=\u00bb0&#8243; shift_y=\u00bb0&#8243; shift_y_down=\u00bb0&#8243; z_index=\u00bb0&#8243; medium_width=\u00bb0&#8243; mobile_width=\u00bb0&#8243; width=\u00bb1\/1&#8243;][vc_button button_color=\u00bbaccent\u00bb radius=\u00bbbtn-circle\u00bb border_width=\u00bb0&#8243; link=\u00bburl:https%3A%2F%2Fwww.nexxumgroup.com%2Fes%2Findex.php%2Fcontacto%2F|title:Cont%C3%A1ctanos\u00bb]CONT\u00c1CTANOS[\/vc_button][\/vc_column][\/vc_row][vc_row row_height_percent=\u00bb0&#8243; override_padding=\u00bbyes\u00bb h_padding=\u00bb2&#8243; top_padding=\u00bb2&#8243; bottom_padding=\u00bb3&#8243; overlay_alpha=\u00bb100&#8243; gutter_size=\u00bb3&#8243; column_width_percent=\u00bb100&#8243; border_color=\u00bbcolor-gyho\u00bb border_style=\u00bbsolid\u00bb shift_y=\u00bb0&#8243; z_index=\u00bb0&#8243; row_name=\u00bbClientes\u00bb][vc_column column_width_percent=\u00bb100&#8243; align_horizontal=\u00bbalign_center\u00bb gutter_size=\u00bb3&#8243; overlay_alpha=\u00bb100&#8243; shift_x=\u00bb0&#8243; shift_y=\u00bb0&#8243; z_index=\u00bb0&#8243; medium_width=\u00bb0&#8243; zoom_width=\u00bb0&#8243; zoom_height=\u00bb0&#8243; width=\u00bb1\/1&#8243;][vc_gallery el_id=\u00bbgallery-85457&#8243; type=\u00bbcarousel\u00bb random=\u00bbyes\u00bb medias=\u00bb87598,87599,87601,87602,87603,87604,87605,87606&#8243; carousel_lg=\u00bb7&#8243; carousel_md=\u00bb5&#8243; carousel_sm=\u00bb3&#8243; gutter_size=\u00bb3&#8243; inner_padding=\u00bbyes\u00bb media_items=\u00bbmedia|nolink|original,icon\u00bb carousel_interval=\u00bb3000&#8243; carousel_navspeed=\u00bb400&#8243; carousel_loop=\u00bbyes\u00bb carousel_nav=\u00bbyes\u00bb carousel_nav_skin=\u00bbdark\u00bb stage_padding=\u00bb0&#8243; single_overlay_opacity=\u00bb50&#8243; single_overlay_anim=\u00bbno\u00bb single_text_anim=\u00bbno\u00bb single_image_anim=\u00bbno\u00bb single_padding=\u00bb2&#8243; single_border=\u00bbyes\u00bb title=\u00bbClients\u00bb][vc_empty_space empty_h=\u00bb2&#8243;][\/vc_column][\/vc_row][vc_row row_height_percent=\u00bb0&#8243; overlay_alpha=\u00bb50&#8243; gutter_size=\u00bb3&#8243; column_width_percent=\u00bb100&#8243; shift_y=\u00bb0&#8243; z_index=\u00bb0&#8243;][vc_column column_width_percent=\u00bb100&#8243; align_horizontal=\u00bbalign_center\u00bb gutter_size=\u00bb3&#8243; overlay_alpha=\u00bb50&#8243; shift_x=\u00bb0&#8243; shift_y=\u00bb0&#8243; shift_y_down=\u00bb0&#8243; z_index=\u00bb0&#8243; medium_width=\u00bb0&#8243; mobile_width=\u00bb0&#8243; width=\u00bb1\/1&#8243;][vc_custom_heading heading_semantic=\u00bbh3&#8243; text_size=\u00bbh3&#8243; text_space=\u00bbfontspace-781688&#8243; sub_lead=\u00bbyes\u00bb sub_reduced=\u00bbyes\u00bb text_align=\u00bbtext-center\u00bb text_serif=\u00bb\u00bb subheading=\u00bbImplantaci\u00f3n de un sistema ERP \u2013 MS Business Central\u00bb]PROYECTO DE DIGITALIZACI\u00d3N DE PYME (DIGITALIZA-CV) 2023[\/vc_custom_heading][vc_column_text]Este proyecto ha sido cofinanciado por la Uni\u00f3n Europea a trav\u00e9s del Fondo Europeo de Desarrollo Regional (FEDER).<\/p>\n<p>Este proyecto ha sido confinanciado por el IVACE.[\/vc_column_text][vc_row_inner][vc_column_inner width=\u00bb1\/1&#8243;][vc_single_image media=\u00bb89218&#8243; media_width_percent=\u00bb100&#8243;][\/vc_column_inner][\/vc_row_inner][vc_empty_space empty_h=\u00bb2&#8243;][\/vc_column][\/vc_row][vc_row row_height_percent=\u00bb0&#8243; overlay_alpha=\u00bb50&#8243; gutter_size=\u00bb3&#8243; column_width_percent=\u00bb100&#8243; shift_y=\u00bb0&#8243; z_index=\u00bb0&#8243;][vc_column column_width_percent=\u00bb100&#8243; align_horizontal=\u00bbalign_center\u00bb gutter_size=\u00bb3&#8243; overlay_alpha=\u00bb50&#8243; shift_x=\u00bb0&#8243; shift_y=\u00bb0&#8243; shift_y_down=\u00bb0&#8243; z_index=\u00bb0&#8243; medium_width=\u00bb0&#8243; mobile_width=\u00bb0&#8243; width=\u00bb1\/1&#8243;][vc_empty_space empty_h=\u00bb2&#8243;][vc_custom_heading heading_semantic=\u00bbh3&#8243; text_size=\u00bbh3&#8243; text_space=\u00bbfontspace-781688&#8243; sub_lead=\u00bbyes\u00bb sub_reduced=\u00bbyes\u00bb text_align=\u00bbtext-center\u00bb text_serif=\u00bb\u00bb subheading=\u00bbProyecto financiado por la Uni\u00f3n Europea a trav\u00e9s del Programa Operativo FEDER de la Comunitat Valenciana 2014-2020.\u00bb]PROYECTO LINEA REACTIVA FEDER[\/vc_custom_heading][vc_column_text]L\u00ednea de financiaci\u00f3n bonificada REACTIVA FEDER gestionada por el IVF.[\/vc_column_text][vc_row_inner row_inner_height_percent=\u00bb100&#8243; overlay_alpha=\u00bb50&#8243; gutter_size=\u00bb3&#8243; shift_y=\u00bb0&#8243; z_index=\u00bb0&#8243;][vc_column_inner column_width_percent=\u00bb100&#8243; gutter_size=\u00bb3&#8243; overlay_alpha=\u00bb50&#8243; shift_x=\u00bb0&#8243; shift_y=\u00bb0&#8243; shift_y_down=\u00bb0&#8243; z_index=\u00bb0&#8243; medium_width=\u00bb0&#8243; mobile_width=\u00bb0&#8243; width=\u00bb1\/1&#8243;][vc_single_image media=\u00bb89289&#8243; media_width_percent=\u00bb100&#8243; alignment=\u00bbcenter\u00bb][\/vc_column_inner][\/vc_row_inner][\/vc_column][\/vc_row]<\/p>\n","protected":false},"excerpt":{"rendered":"<p>[vc_row unlock_row_content=\u00bbyes\u00bb row_height_percent=\u00bb0&#8243; override_padding=\u00bbyes\u00bb h_padding=\u00bb1&#8243; top_padding=\u00bb5&#8243; bottom_padding=\u00bb2&#8243; overlay_alpha=\u00bb0&#8243; gutter_size=\u00bb100&#8243; column_width_percent=\u00bb100&#8243; shift_y=\u00bb0&#8243; z_index=\u00bb0&#8243; style=\u00bbinherited\u00bb][vc_column column_width_percent=\u00bb100&#8243; align_horizontal=\u00bbalign_center\u00bb gutter_size=\u00bb4&#8243; overlay_alpha=\u00bb100&#8243; shift_x=\u00bb0&#8243; shift_y=\u00bb0&#8243; z_index=\u00bb0&#8243; [&hellip;]<\/p>\n","protected":false},"author":2,"featured_media":89011,"parent":0,"menu_order":0,"comment_status":"closed","ping_status":"closed","template":"","meta":{"footnotes":""},"class_list":["post-88906","page","type-page","status-publish","has-post-thumbnail","hentry"],"_links":{"self":[{"href":"https:\/\/www.nexxumgroup.com\/es\/wp-json\/wp\/v2\/pages\/88906","targetHints":{"allow":["GET"]}}],"collection":[{"href":"https:\/\/www.nexxumgroup.com\/es\/wp-json\/wp\/v2\/pages"}],"about":[{"href":"https:\/\/www.nexxumgroup.com\/es\/wp-json\/wp\/v2\/types\/page"}],"author":[{"embeddable":true,"href":"https:\/\/www.nexxumgroup.com\/es\/wp-json\/wp\/v2\/users\/2"}],"replies":[{"embeddable":true,"href":"https:\/\/www.nexxumgroup.com\/es\/wp-json\/wp\/v2\/comments?post=88906"}],"version-history":[{"count":29,"href":"https:\/\/www.nexxumgroup.com\/es\/wp-json\/wp\/v2\/pages\/88906\/revisions"}],"predecessor-version":[{"id":89300,"href":"https:\/\/www.nexxumgroup.com\/es\/wp-json\/wp\/v2\/pages\/88906\/revisions\/89300"}],"wp:featuredmedia":[{"embeddable":true,"href":"https:\/\/www.nexxumgroup.com\/es\/wp-json\/wp\/v2\/media\/89011"}],"wp:attachment":[{"href":"https:\/\/www.nexxumgroup.com\/es\/wp-json\/wp\/v2\/media?parent=88906"}],"curies":[{"name":"wp","href":"https:\/\/api.w.org\/{rel}","templated":true}]}}