{"id":88556,"date":"2021-11-23T20:58:33","date_gmt":"2021-11-23T20:58:33","guid":{"rendered":"https:\/\/www.nexxumgroup.com\/?page_id=88556"},"modified":"2024-11-29T15:57:49","modified_gmt":"2024-11-29T15:57:49","slug":"home","status":"publish","type":"page","link":"https:\/\/www.nexxumgroup.com\/es\/","title":{"rendered":"Inicio"},"content":{"rendered":"<p>[vc_row row_height_percent=\u00bb100&#8243; overlay_alpha=\u00bb50&#8243; gutter_size=\u00bb3&#8243; shift_y=\u00bb0&#8243;][vc_column width=\u00bb1\/1&#8243;][uncode_slider slider_type=\u00bbfade\u00bb slider_interval=\u00bb5000&#8243; slider_navspeed=\u00bb400&#8243; slider_loop=\u00bbyes\u00bb][vc_row_inner row_inner_height_percent=\u00bb0&#8243; back_color=\u00bbcolor-lxmt\u00bb back_image=\u00bb87852&#8243; back_position=\u00bbcenter top\u00bb overlay_color=\u00bbcolor-jevc\u00bb overlay_alpha=\u00bb32&#8243; gutter_size=\u00bb3&#8243; shift_y=\u00bb0&#8243; z_index=\u00bb0&#8243;][vc_column_inner column_width_percent=\u00bb100&#8243; position_vertical=\u00bbmiddle\u00bb align_horizontal=\u00bbalign_center\u00bb gutter_size=\u00bb2&#8243; style=\u00bblight\u00bb overlay_alpha=\u00bb50&#8243; shift_x=\u00bb0&#8243; shift_y=\u00bb0&#8243; z_index=\u00bb0&#8243; medium_width=\u00bb0&#8243; zoom_width=\u00bb0&#8243; zoom_height=\u00bb0&#8243; width=\u00bb1\/1&#8243;][vc_custom_heading text_font=\u00bbfont-762333&#8243; text_size=\u00bbfontsize-338686&#8243; text_weight=\u00bb700&#8243; text_transform=\u00bbuppercase\u00bb text_height=\u00bbfontheight-179065&#8243; text_space=\u00bbfontspace-111509&#8243; text_color=\u00bbcolor-xsdn\u00bb sub_lead=\u00bbyes\u00bb sub_reduced=\u00bbyes\u00bb css_animation=\u00bbzoom-out\u00bb animation_delay=\u00bb400&#8243;]Nueva<br \/>\nConstrucci\u00f3n[\/vc_custom_heading][vc_custom_heading heading_semantic=\u00bbh5&#8243; text_size=\u00bbh4&#8243; text_weight=\u00bb600&#8243; text_height=\u00bbfontheight-357766&#8243; text_color=\u00bbcolor-xsdn\u00bb sub_lead=\u00bbyes\u00bb sub_reduced=\u00bbyes\u00bb css_animation=\u00bbzoom-out\u00bb animation_delay=\u00bb600&#8243;]<\/p>\n<div>\n<p><span lang=\"ES\">Desde obra nueva y construcciones hasta peque\u00f1os proyectos, brindamos servicios para satisfacer las demandas de nuestros clientes.<\/span><\/p>\n<\/div>\n<p>[\/vc_custom_heading][vc_empty_space empty_h=\u00bb1&#8243;][vc_button radius=\u00bbbtn-circle\u00bb border_width=\u00bb0&#8243; css_animation=\u00bbzoom-out\u00bb animation_delay=\u00bb800&#8243; link=\u00bburl:https%3A%2F%2Fwww.nexxumgroup.com%2Findex.php%2Fservices%2F\u00bb]M\u00e1s info[\/vc_button][\/vc_column_inner][\/vc_row_inner][vc_row_inner row_inner_height_percent=\u00bb0&#8243; back_color=\u00bbcolor-lxmt\u00bb back_image=\u00bb89011&#8243; overlay_color=\u00bbcolor-jevc\u00bb overlay_alpha=\u00bb31&#8243; gutter_size=\u00bb3&#8243; shift_y=\u00bb0&#8243; z_index=\u00bb0&#8243;][vc_column_inner column_width_percent=\u00bb100&#8243; position_vertical=\u00bbmiddle\u00bb align_horizontal=\u00bbalign_center\u00bb gutter_size=\u00bb2&#8243; style=\u00bbdark\u00bb overlay_alpha=\u00bb50&#8243; shift_x=\u00bb0&#8243; shift_y=\u00bb0&#8243; z_index=\u00bb0&#8243; medium_width=\u00bb0&#8243; zoom_width=\u00bb0&#8243; zoom_height=\u00bb0&#8243; width=\u00bb1\/1&#8243;][vc_custom_heading text_font=\u00bbfont-762333&#8243; text_size=\u00bbfontsize-338686&#8243; text_weight=\u00bb700&#8243; text_transform=\u00bbuppercase\u00bb text_height=\u00bbfontheight-179065&#8243; text_space=\u00bbfontspace-111509&#8243; sub_lead=\u00bbyes\u00bb sub_reduced=\u00bbyes\u00bb css_animation=\u00bbzoom-in\u00bb animation_delay=\u00bb400&#8243;]Reformas[\/vc_custom_heading][vc_custom_heading heading_semantic=\u00bbh5&#8243; text_size=\u00bbh4&#8243; text_weight=\u00bb600&#8243; text_height=\u00bbfontheight-357766&#8243; sub_lead=\u00bbyes\u00bb sub_reduced=\u00bbyes\u00bb css_animation=\u00bbzoom-in\u00bb animation_delay=\u00bb600&#8243;]<\/p>\n<div>\n<p><span lang=\"ES\">Nexxum Group es un Contratista General especializado en todo tipo de construcciones, en las \u00e1reas de proyectos de venta al por menor, industriales y comerciales.<\/span><\/p>\n<\/div>\n<p>[\/vc_custom_heading][vc_empty_space empty_h=\u00bb1&#8243;][vc_button radius=\u00bbbtn-circle\u00bb border_width=\u00bb0&#8243; css_animation=\u00bbzoom-in\u00bb animation_delay=\u00bb800&#8243; link=\u00bburl:https%3A%2F%2Fwww.nexxumgroup.com%2Findex.php%2Fservices%2F\u00bb]M\u00e1s info[\/vc_button][\/vc_column_inner][\/vc_row_inner][vc_row_inner row_inner_height_percent=\u00bb0&#8243; back_color=\u00bbcolor-lxmt\u00bb back_image=\u00bb87879&#8243; back_position=\u00bbcenter top\u00bb overlay_color=\u00bbcolor-jevc\u00bb overlay_alpha=\u00bb32&#8243; gutter_size=\u00bb3&#8243; shift_y=\u00bb0&#8243; z_index=\u00bb0&#8243;][vc_column_inner column_width_percent=\u00bb100&#8243; position_vertical=\u00bbmiddle\u00bb align_horizontal=\u00bbalign_center\u00bb gutter_size=\u00bb2&#8243; style=\u00bblight\u00bb overlay_alpha=\u00bb50&#8243; shift_x=\u00bb0&#8243; shift_y=\u00bb0&#8243; z_index=\u00bb0&#8243; medium_width=\u00bb0&#8243; zoom_width=\u00bb0&#8243; zoom_height=\u00bb0&#8243; width=\u00bb1\/1&#8243;][vc_custom_heading text_font=\u00bbfont-762333&#8243; text_size=\u00bbfontsize-338686&#8243; text_weight=\u00bb700&#8243; text_transform=\u00bbuppercase\u00bb text_height=\u00bbfontheight-179065&#8243; text_space=\u00bbfontspace-111509&#8243; text_color=\u00bbcolor-xsdn\u00bb sub_lead=\u00bbyes\u00bb sub_reduced=\u00bbyes\u00bb css_animation=\u00bbzoom-out\u00bb animation_delay=\u00bb400&#8243;]Gesti\u00f3n de<br \/>\nProyectos[\/vc_custom_heading][vc_custom_heading heading_semantic=\u00bbh5&#8243; text_size=\u00bbh4&#8243; text_weight=\u00bb600&#8243; text_height=\u00bbfontheight-357766&#8243; text_color=\u00bbcolor-xsdn\u00bb sub_lead=\u00bbyes\u00bb sub_reduced=\u00bbyes\u00bb css_animation=\u00bbzoom-out\u00bb animation_delay=\u00bb600&#8243;]Estamos comprometidos a trabajar dentro de presupuestos y plazos ajustados para brindar resultados sobresalientes.[\/vc_custom_heading][vc_empty_space empty_h=\u00bb1&#8243;][vc_button radius=\u00bbbtn-circle\u00bb border_width=\u00bb0&#8243; css_animation=\u00bbzoom-out\u00bb animation_delay=\u00bb800&#8243; link=\u00bburl:%23&#8243;]M\u00e1s info[\/vc_button][\/vc_column_inner][\/vc_row_inner][vc_row_inner row_inner_height_percent=\u00bb0&#8243; back_color=\u00bbcolor-nhtu\u00bb back_image=\u00bb88216&#8243; back_position=\u00bbcenter top\u00bb overlay_color=\u00bbcolor-wayh\u00bb overlay_alpha=\u00bb30&#8243; gutter_size=\u00bb3&#8243; shift_y=\u00bb0&#8243; z_index=\u00bb0&#8243;][vc_column_inner column_width_percent=\u00bb100&#8243; position_vertical=\u00bbmiddle\u00bb align_horizontal=\u00bbalign_center\u00bb gutter_size=\u00bb2&#8243; style=\u00bbdark\u00bb overlay_alpha=\u00bb50&#8243; shift_x=\u00bb0&#8243; shift_y=\u00bb0&#8243; z_index=\u00bb0&#8243; medium_width=\u00bb0&#8243; zoom_width=\u00bb0&#8243; zoom_height=\u00bb0&#8243; width=\u00bb1\/1&#8243;][vc_custom_heading text_font=\u00bbfont-762333&#8243; text_size=\u00bbfontsize-338686&#8243; text_weight=\u00bb700&#8243; text_transform=\u00bbuppercase\u00bb text_height=\u00bbfontheight-179065&#8243; text_space=\u00bbfontspace-111509&#8243; sub_lead=\u00bbyes\u00bb sub_reduced=\u00bbyes\u00bb css_animation=\u00bbbottom-t-top\u00bb animation_delay=\u00bb400&#8243;]Mantenimiento<br \/>\nPreventivo[\/vc_custom_heading][vc_custom_heading heading_semantic=\u00bbh5&#8243; text_size=\u00bbh4&#8243; text_weight=\u00bb600&#8243; text_height=\u00bbfontheight-357766&#8243; sub_lead=\u00bbyes\u00bb sub_reduced=\u00bbyes\u00bb css_animation=\u00bbbottom-t-top\u00bb animation_delay=\u00bb600&#8243;]Nexxum Group ofrece soluciones integrales para comercios que valoran la calidad, la consistencia y la confiabilidad.[\/vc_custom_heading][vc_empty_space empty_h=\u00bb1&#8243;][vc_button radius=\u00bbbtn-circle\u00bb border_width=\u00bb0&#8243; css_animation=\u00bbbottom-t-top\u00bb animation_delay=\u00bb800&#8243; link=\u00bburl:https%3A%2F%2Fwww.nexxumgroup.com%2Findex.php%2Fservices%2F\u00bb]M\u00e1s info[\/vc_button][\/vc_column_inner][\/vc_row_inner][\/uncode_slider][\/vc_column][\/vc_row][vc_row row_height_percent=\u00bb0&#8243; override_padding=\u00bbyes\u00bb h_padding=\u00bb2&#8243; top_padding=\u00bb7&#8243; bottom_padding=\u00bb7&#8243; overlay_alpha=\u00bb50&#8243; gutter_size=\u00bb3&#8243; column_width_percent=\u00bb100&#8243; shift_y=\u00bb0&#8243; z_index=\u00bb0&#8243;][vc_column column_width_percent=\u00bb100&#8243; gutter_size=\u00bb4&#8243; overlay_alpha=\u00bb50&#8243; shift_x=\u00bb0&#8243; shift_y=\u00bb0&#8243; shift_y_down=\u00bb0&#8243; z_index=\u00bb0&#8243; medium_width=\u00bb0&#8243; mobile_width=\u00bb0&#8243; width=\u00bb1\/1&#8243;][vc_row_inner row_inner_height_percent=\u00bb0&#8243; overlay_alpha=\u00bb50&#8243; gutter_size=\u00bb4&#8243; shift_y=\u00bb0&#8243; z_index=\u00bb0&#8243; limit_content=\u00bb\u00bb][vc_column_inner column_width_use_pixel=\u00bbyes\u00bb align_horizontal=\u00bbalign_center\u00bb gutter_size=\u00bb1&#8243; overlay_alpha=\u00bb50&#8243; shift_x=\u00bb0&#8243; shift_y=\u00bb0&#8243; shift_y_down=\u00bb0&#8243; z_index=\u00bb0&#8243; medium_width=\u00bb0&#8243; mobile_width=\u00bb0&#8243; width=\u00bb1\/1&#8243; column_width_pixel=\u00bb700&#8243;][vc_single_image media=\u00bb87686&#8243; media_width_percent=\u00bb37&#8243; alignment=\u00bbcenter\u00bb css_animation=\u00bbzoom-in\u00bb][vc_custom_heading heading_semantic=\u00bbh3&#8243; text_weight=\u00bb900&#8243; text_space=\u00bbfontspace-781688&#8243; css_animation=\u00bbcurtain\u00bb interval_animation=\u00bb200&#8243; subheading=\u00bbNexxum Group brinda servicios de dise\u00f1o, construcci\u00f3n y mantenimiento preventivo a clientes que esperan el m\u00e1s alto nivel de calidad y desempe\u00f1o para sus proyectos comerciales e industriales.<\/p>\n<p>Abordamos y gestionamos cada proyecto con nuestros principios fundamentales de integridad, calidad y servicio. Al ser proactivos e ingeniosos, nos aseguramos de que se mantengan los horarios y los presupuestos. Nos enorgullecemos de nuestra actitud ante cada reto profesional y de nuestra capacidad para resolver problemas. Nuestros clientes tienen un alto nivel de satisfacci\u00f3n en todos y cada uno de los proyectos que realizamos. Su satisfacci\u00f3n es nuestra motivaci\u00f3n.\u00bb][\/vc_custom_heading][\/vc_column_inner][\/vc_row_inner][vc_tabs][vc_tab gutter_size=\u00bb2&#8243; column_padding=\u00bb2&#8243; no_margin=\u00bbyes\u00bb title=\u00bbPor qu\u00e9 lo hacemos\u00bb tab_id=\u00bb1434114947-1-821610670914422&#8243;][vc_column_text text_lead=\u00bbyes\u00bb]<strong>Por qu\u00e9 lo hacemos<br \/>\n<\/strong><br \/>\nCreemos firmemente que nuestros clientes desean el apoyo necesario para construir y mantener sus ubicaciones de venta minorista de una manera que mejore su marca y contin\u00fae impulsando sus ventas.[\/vc_column_text][\/vc_tab][vc_tab gutter_size=\u00bb2&#8243; column_padding=\u00bb2&#8243; no_margin=\u00bbyes\u00bb title=\u00bbC\u00f3mo lo hacemos\u00bb tab_id=\u00bb1434114947-2-861610670914422&#8243;][vc_column_text text_lead=\u00bbyes\u00bb]<strong>C\u00f3mo lo hacemos<\/strong><\/p>\n<p>Hacemos esto ofreciendo servicios de construcci\u00f3n, mantenimiento de instalaciones y proyectos especiales. Lo que nos diferencia de otras empresas es nuestro alto nivel de servicio al cliente y la atenci\u00f3n a la m\u00e1xima calidad.[\/vc_column_text][\/vc_tab][vc_tab gutter_size=\u00bb2&#8243; column_padding=\u00bb2&#8243; no_margin=\u00bbyes\u00bb title=\u00bbQu\u00e9 hacemos\u00bb tab_id=\u00bb1434115238057-2-11610670914422&#8243;][vc_column_text text_lead=\u00bbyes\u00bb]<strong>Qu\u00e9 hacemos<\/strong><\/p>\n<p>En esencia, nos aseguramos de que los comercios de nuestros clientes se construyan y mantengan en las condiciones \u00f3ptimas que la marca requiere. Trabajamos juntos para desarrollar una estrategia que se adapte perfectamente a sus necesidades. Ya sea en la construcci\u00f3n de nuevas tiendas o en la implementaci\u00f3n de un programa de instalaciones de tiendas, contamos con una amplia experiencia brindando servicios que respalden sus objetivos.[\/vc_column_text][\/vc_tab][\/vc_tabs][\/vc_column][\/vc_row][vc_row row_height_percent=\u00bb0&#8243; override_padding=\u00bbyes\u00bb h_padding=\u00bb2&#8243; top_padding=\u00bb2&#8243; bottom_padding=\u00bb0&#8243; overlay_alpha=\u00bb0&#8243; gutter_size=\u00bb100&#8243; column_width_percent=\u00bb100&#8243; shift_y=\u00bb0&#8243; z_index=\u00bb0&#8243; style=\u00bbinherited\u00bb][vc_column column_width_percent=\u00bb100&#8243; align_horizontal=\u00bbalign_center\u00bb gutter_size=\u00bb4&#8243; overlay_alpha=\u00bb100&#8243; shift_x=\u00bb0&#8243; shift_y=\u00bb0&#8243; z_index=\u00bb0&#8243; medium_width=\u00bb0&#8243; zoom_width=\u00bb0&#8243; zoom_height=\u00bb0&#8243; width=\u00bb1\/1&#8243;][vc_row_inner row_inner_height_percent=\u00bb0&#8243; overlay_alpha=\u00bb100&#8243; gutter_size=\u00bb3&#8243; shift_y=\u00bb0&#8243; limit_content=\u00bb\u00bb][vc_column_inner column_width_use_pixel=\u00bbyes\u00bb align_horizontal=\u00bbalign_center\u00bb gutter_size=\u00bb3&#8243; overlay_alpha=\u00bb100&#8243; shift_x=\u00bb0&#8243; shift_y=\u00bb0&#8243; shift_y_down=\u00bb0&#8243; z_index=\u00bb0&#8243; medium_width=\u00bb0&#8243; mobile_width=\u00bb0&#8243; zoom_width=\u00bb0&#8243; zoom_height=\u00bb0&#8243; mobile_width_full=\u00bb\u00bb width=\u00bb1\/1&#8243; column_width_pixel=\u00bb640&#8243;][vc_custom_heading heading_semantic=\u00bbh3&#8243; text_size=\u00bbh3&#8243; text_weight=\u00bb900&#8243; text_transform=\u00bbcapitalize\u00bb text_space=\u00bbfontspace-781688&#8243; sub_reduced=\u00bbyes\u00bb text_align=\u00bbtext-center\u00bb text_serif=\u00bb\u00bb]Proyectos recientes[\/vc_custom_heading][\/vc_column_inner][\/vc_row_inner][\/vc_column][\/vc_row][vc_row unlock_row_content=\u00bbyes\u00bb row_height_percent=\u00bb0&#8243; override_padding=\u00bbyes\u00bb h_padding=\u00bb0&#8243; top_padding=\u00bb3&#8243; bottom_padding=\u00bb0&#8243; overlay_alpha=\u00bb100&#8243; gutter_size=\u00bb100&#8243; shift_y=\u00bb0&#8243; style=\u00bbinherited\u00bb][vc_column column_width_percent=\u00bb100&#8243; align_horizontal=\u00bbalign_center\u00bb gutter_size=\u00bb4&#8243; overlay_alpha=\u00bb100&#8243; shift_x=\u00bb0&#8243; shift_y=\u00bb0&#8243; z_index=\u00bb0&#8243; medium_width=\u00bb0&#8243; zoom_width=\u00bb0&#8243; zoom_height=\u00bb0&#8243; width=\u00bb1\/1&#8243;][uncode_index el_id=\u00bbindex-22221&#8243; loop=\u00bbsize:9|order_by:date|order:DESC|post_type:portfolio|taxonomy_count:10&#8243; index_back_color=\u00bbcolor-xsdn\u00bb gutter_size=\u00bb2&#8243; post_items=\u00bbtitle,media,text,link,author,date,category,extra\u00bb page_items=\u00bbtitle,media,text,category\u00bb product_items=\u00bbtitle,media,text,category,price\u00bb portfolio_items=\u00bbmedia|featured|onpost|poster,title\u00bb screen_lg=\u00bb1000&#8243; screen_md=\u00bb800&#8243; screen_sm=\u00bb600&#8243; single_text=\u00bboverlay\u00bb images_size=\u00bbfour-three\u00bb single_overlay_color=\u00bbcolor-143410&#8243; single_overlay_opacity=\u00bb85&#8243; single_image_color_anim=\u00bbyes\u00bb single_image_anim=\u00bbno\u00bb single_h_align=\u00bbcenter\u00bb single_padding=\u00bb2&#8243; single_title_family=\u00bbfont-762333&#8243; single_title_dimension=\u00bbh4&#8243; single_title_transform=\u00bbcapitalize\u00bb single_title_space=\u00bbfontspace-111509&#8243; single_border=\u00bbyes\u00bb single_css_animation=\u00bbbottom-t-top\u00bb single_animation_speed=\u00bb600&#8243; single_animation_delay=\u00bb200&#8243; custom_order=\u00bbyes\u00bb filtering_transform=\u00bbuppercase\u00bb carousel_rtl=\u00bb\u00bb filtering_menu=\u00bbdropdown\u00bb single_block_click=\u00bbyes\u00bb single_text_hover=\u00bbyes\u00bb single_no_background=\u00bb\u00bb single_title_serif=\u00bb\u00bb single_title_divider=\u00bb\u00bb single_half_padding=\u00bb\u00bb single_title_bold=\u00bbyes\u00bb footer_position=\u00bbleft\u00bb title=\u00bbPortfolio Preview\u00bb items=\u00bbe30=\u00bb order_ids=\u00bb4078,4065,4081,4146,4069,4142,4140,4085,4071&#8243; single_icon=\u00bbfa fa-cog\u00bb][\/vc_column][\/vc_row][vc_row row_height_percent=\u00bb40&#8243; override_padding=\u00bbyes\u00bb h_padding=\u00bb2&#8243; top_padding=\u00bb6&#8243; bottom_padding=\u00bb6&#8243; back_image=\u00bb87811&#8243; back_position=\u00bbcenter top\u00bb parallax=\u00bbyes\u00bb overlay_color=\u00bbcolor-xsdn\u00bb overlay_alpha=\u00bb77&#8243; gutter_size=\u00bb100&#8243; column_width_percent=\u00bb100&#8243; shift_y=\u00bb0&#8243; z_index=\u00bb0&#8243; style=\u00bbinherited\u00bb][vc_column column_width_percent=\u00bb100&#8243; position_vertical=\u00bbmiddle\u00bb align_horizontal=\u00bbalign_center\u00bb gutter_size=\u00bb3&#8243; style=\u00bbdark\u00bb overlay_alpha=\u00bb100&#8243; shift_x=\u00bb0&#8243; shift_y=\u00bb0&#8243; shift_y_down=\u00bb0&#8243; z_index=\u00bb0&#8243; medium_width=\u00bb0&#8243; mobile_width=\u00bb0&#8243; zoom_width=\u00bb0&#8243; zoom_height=\u00bb0&#8243; width=\u00bb1\/1&#8243;][vc_custom_heading heading_semantic=\u00bbh3&#8243; text_size=\u00bbh3&#8243; text_space=\u00bbfontspace-781688&#8243; text_color=\u00bbcolor-nhtu\u00bb]\u00bfQu\u00e9 dicen nuestros clientes?[\/vc_custom_heading][vc_gallery el_id=\u00bbgallery-356778&#8243; type=\u00bbcarousel\u00bb medias=\u00bb19,87868,87869,87867,87866,88543&#8243; carousel_lg=\u00bb1&#8243; carousel_md=\u00bb1&#8243; carousel_sm=\u00bb1&#8243; gutter_size=\u00bb0&#8243; media_items=\u00bbicon,media|lightbox|original\u00bb carousel_interval=\u00bb5000&#8243; carousel_navspeed=\u00bb1000&#8243; carousel_loop=\u00bbyes\u00bb carousel_dots=\u00bbyes\u00bb carousel_dots_space=\u00bbyes\u00bb carousel_dots_mobile=\u00bbyes\u00bb carousel_autoh=\u00bbyes\u00bb carousel_textual=\u00bbyes\u00bb stage_padding=\u00bb0&#8243; single_style=\u00bbdark\u00bb single_overlay_opacity=\u00bb50&#8243; single_h_align=\u00bbcenter\u00bb single_padding=\u00bb2&#8243; single_title_family=\u00bbfont-202503&#8243; single_title_dimension=\u00bbh3&#8243; single_title_weight=\u00bb400&#8243; single_title_height=\u00bbfontheight-524109&#8243; single_css_animation=\u00bbzoom-in\u00bb single_animation_delay=\u00bb200&#8243; carousel_twitter=\u00bbyes\u00bb title=\u00bbTestimonials\u00bb][\/vc_column][\/vc_row][vc_row row_height_percent=\u00bb0&#8243; override_padding=\u00bbyes\u00bb h_padding=\u00bb2&#8243; top_padding=\u00bb5&#8243; bottom_padding=\u00bb3&#8243; overlay_alpha=\u00bb0&#8243; gutter_size=\u00bb100&#8243; column_width_percent=\u00bb100&#8243; shift_y=\u00bb0&#8243; z_index=\u00bb0&#8243; desktop_visibility=\u00bbyes\u00bb medium_visibility=\u00bbyes\u00bb mobile_visibility=\u00bbyes\u00bb style=\u00bbinherited\u00bb shape_dividers=\u00bb\u00bb][vc_column column_width_percent=\u00bb100&#8243; align_horizontal=\u00bbalign_center\u00bb gutter_size=\u00bb4&#8243; overlay_alpha=\u00bb100&#8243; shift_x=\u00bb0&#8243; shift_y=\u00bb0&#8243; z_index=\u00bb0&#8243; medium_width=\u00bb0&#8243; zoom_width=\u00bb0&#8243; zoom_height=\u00bb0&#8243; width=\u00bb1\/1&#8243;][vc_row_inner row_inner_height_percent=\u00bb0&#8243; overlay_alpha=\u00bb100&#8243; gutter_size=\u00bb3&#8243; shift_y=\u00bb0&#8243; limit_content=\u00bb\u00bb][vc_column_inner column_width_use_pixel=\u00bbyes\u00bb align_horizontal=\u00bbalign_center\u00bb gutter_size=\u00bb3&#8243; overlay_alpha=\u00bb100&#8243; shift_x=\u00bb0&#8243; shift_y=\u00bb0&#8243; shift_y_down=\u00bb0&#8243; z_index=\u00bb0&#8243; medium_width=\u00bb0&#8243; mobile_width=\u00bb0&#8243; zoom_width=\u00bb0&#8243; zoom_height=\u00bb0&#8243; mobile_width_full=\u00bb\u00bb width=\u00bb1\/1&#8243; column_width_pixel=\u00bb640&#8243;][vc_custom_heading heading_semantic=\u00bbh3&#8243; text_size=\u00bbh3&#8243; text_space=\u00bbfontspace-781688&#8243; sub_lead=\u00bbyes\u00bb sub_reduced=\u00bbyes\u00bb text_align=\u00bbtext-center\u00bb text_serif=\u00bb\u00bb subheading=\u00bbEn Nexxum Group estamos especializados en el trabajo de mantenimiento de comercios y restaurantes. Los integrantes de nuestro equipo cuentan con un amplio conocimiento que nos permite ofrecer lo m\u00e1ximo en servicio y en calidad de construcci\u00f3n. Estamos muy orgullosos de lo que podemos lograr y nuestro objetivo es &#8230;<\/p>\n<p>\u201cLiderar la industria cambiando la forma en la que se perciben y valoran los servicios de construcci\u00f3n\u201d\u00bb]Nuestro equipo[\/vc_custom_heading][\/vc_column_inner][\/vc_row_inner][\/vc_column][\/vc_row][vc_row unlock_row_content=\u00bbyes\u00bb row_height_percent=\u00bb0&#8243; override_padding=\u00bbyes\u00bb h_padding=\u00bb0&#8243; top_padding=\u00bb0&#8243; bottom_padding=\u00bb0&#8243; back_color=\u00bbcolor-nhtu\u00bb overlay_alpha=\u00bb100&#8243; equal_height=\u00bbyes\u00bb gutter_size=\u00bb0&#8243; column_width_percent=\u00bb100&#8243; shift_y=\u00bb0&#8243; z_index=\u00bb0&#8243; desktop_visibility=\u00bbyes\u00bb medium_visibility=\u00bbyes\u00bb mobile_visibility=\u00bbyes\u00bb style=\u00bbinherited\u00bb row_name=\u00bbOur Team\u00bb el_class=\u00bboverflow-hidden\u00bb shape_dividers=\u00bb\u00bb][vc_column column_width_percent=\u00bb100&#8243; position_horizontal=\u00bbleft\u00bb position_vertical=\u00bbmiddle\u00bb gutter_size=\u00bb3&#8243; override_padding=\u00bbyes\u00bb column_padding=\u00bb0&#8243; style=\u00bbdark\u00bb overlay_alpha=\u00bb100&#8243; shift_x=\u00bb0&#8243; shift_y=\u00bb0&#8243; medium_width=\u00bb0&#8243; zoom_width=\u00bb0&#8243; zoom_height=\u00bb0&#8243; width=\u00bb1\/1&#8243;][vc_gallery el_id=\u00bbgallery-23446&#8243; type=\u00bbcarousel\u00bb medias=\u00bb87625,87623,87624,87621,87611,88078,87619,87627,87630,87614,87626,88079,87628,87622,87631,88089,88080,88073,88077,88076,87617,87613,88081,88083,88082,88075,88074,87615,87629&#8243; carousel_lg=\u00bb5&#8243; carousel_md=\u00bb3&#8243; carousel_sm=\u00bb2&#8243; thumb_size=\u00bbone-one\u00bb gutter_size=\u00bb0&#8243; media_items=\u00bbmedia|custom_link|poster,title,caption,icon,team-social\u00bb carousel_interval=\u00bb0&#8243; carousel_navspeed=\u00bb400&#8243; carousel_loop=\u00bbyes\u00bb carousel_nav=\u00bbyes\u00bb carousel_nav_mobile=\u00bbyes\u00bb stage_padding=\u00bb0&#8243; single_back_color=\u00bbcolor-rgdb\u00bb single_overlay_color=\u00bbcolor-wayh\u00bb single_overlay_opacity=\u00bb50&#8243; single_image_anim=\u00bbno\u00bb single_h_align=\u00bbcenter\u00bb single_padding=\u00bb2&#8243; single_title_family=\u00bbfont-762333&#8243; single_title_dimension=\u00bbh4&#8243; single_title_space=\u00bbfontspace-111509&#8243; single_border=\u00bbyes\u00bb single_css_animation=\u00bbbottom-t-top\u00bb single_animation_delay=\u00bb200&#8243; title=\u00bbTeam Members\u00bb items=\u00bbeyI4NzYyM19pIjp7InNpbmdsZV9saW5rIjoidXJsOmh0dHAlM0ElMkYlMkZuZXh4dW0ud2ViLWNsdWIuZXMlMkZpbmRleC5waHAlMkZqZWZmLWJpcm5iYXVtJTJGfHRpdGxlOkplZmYlMjBCaXJuYmF1bSIsInNpbmdsZV9pY29uIjoiIn19&#8243;][\/vc_column][\/vc_row][vc_row row_height_percent=\u00bb0&#8243; override_padding=\u00bbyes\u00bb h_padding=\u00bb2&#8243; top_padding=\u00bb3&#8243; bottom_padding=\u00bb3&#8243; overlay_alpha=\u00bb100&#8243; gutter_size=\u00bb3&#8243; column_width_percent=\u00bb100&#8243; border_color=\u00bbcolor-gyho\u00bb border_style=\u00bbsolid\u00bb shift_y=\u00bb0&#8243; z_index=\u00bb0&#8243; row_name=\u00bbClientes\u00bb][vc_column column_width_percent=\u00bb100&#8243; align_horizontal=\u00bbalign_center\u00bb gutter_size=\u00bb3&#8243; overlay_alpha=\u00bb100&#8243; shift_x=\u00bb0&#8243; shift_y=\u00bb0&#8243; z_index=\u00bb0&#8243; medium_width=\u00bb0&#8243; zoom_width=\u00bb0&#8243; zoom_height=\u00bb0&#8243; width=\u00bb1\/1&#8243;][vc_gallery el_id=\u00bbgallery-85457&#8243; type=\u00bbcarousel\u00bb random=\u00bbyes\u00bb medias=\u00bb87598,87599,87601,87602,87603,87604,87605,87606&#8243; carousel_lg=\u00bb7&#8243; carousel_md=\u00bb5&#8243; carousel_sm=\u00bb3&#8243; gutter_size=\u00bb3&#8243; inner_padding=\u00bbyes\u00bb media_items=\u00bbmedia|nolink|original,icon\u00bb carousel_interval=\u00bb3000&#8243; carousel_navspeed=\u00bb400&#8243; carousel_loop=\u00bbyes\u00bb carousel_nav=\u00bbyes\u00bb carousel_nav_skin=\u00bbdark\u00bb stage_padding=\u00bb0&#8243; single_overlay_opacity=\u00bb50&#8243; single_overlay_anim=\u00bbno\u00bb single_text_anim=\u00bbno\u00bb single_image_anim=\u00bbno\u00bb single_padding=\u00bb2&#8243; single_border=\u00bbyes\u00bb title=\u00bbClients\u00bb][\/vc_column][\/vc_row]<\/p>\n","protected":false},"excerpt":{"rendered":"<p>[vc_row row_height_percent=\u00bb100&#8243; overlay_alpha=\u00bb50&#8243; gutter_size=\u00bb3&#8243; shift_y=\u00bb0&#8243;][vc_column width=\u00bb1\/1&#8243;][uncode_slider slider_type=\u00bbfade\u00bb slider_interval=\u00bb5000&#8243; slider_navspeed=\u00bb400&#8243; slider_loop=\u00bbyes\u00bb][vc_row_inner row_inner_height_percent=\u00bb0&#8243; back_color=\u00bbcolor-lxmt\u00bb back_image=\u00bb87852&#8243; back_position=\u00bbcenter top\u00bb overlay_color=\u00bbcolor-jevc\u00bb overlay_alpha=\u00bb32&#8243; gutter_size=\u00bb3&#8243; shift_y=\u00bb0&#8243; z_index=\u00bb0&#8243;][vc_column_inner [&hellip;]<\/p>\n","protected":false},"author":2,"featured_media":0,"parent":0,"menu_order":0,"comment_status":"closed","ping_status":"closed","template":"","meta":{"footnotes":""},"class_list":["post-88556","page","type-page","status-publish","hentry"],"_links":{"self":[{"href":"https:\/\/www.nexxumgroup.com\/es\/wp-json\/wp\/v2\/pages\/88556","targetHints":{"allow":["GET"]}}],"collection":[{"href":"https:\/\/www.nexxumgroup.com\/es\/wp-json\/wp\/v2\/pages"}],"about":[{"href":"https:\/\/www.nexxumgroup.com\/es\/wp-json\/wp\/v2\/types\/page"}],"author":[{"embeddable":true,"href":"https:\/\/www.nexxumgroup.com\/es\/wp-json\/wp\/v2\/users\/2"}],"replies":[{"embeddable":true,"href":"https:\/\/www.nexxumgroup.com\/es\/wp-json\/wp\/v2\/comments?post=88556"}],"version-history":[{"count":9,"href":"https:\/\/www.nexxumgroup.com\/es\/wp-json\/wp\/v2\/pages\/88556\/revisions"}],"predecessor-version":[{"id":89230,"href":"https:\/\/www.nexxumgroup.com\/es\/wp-json\/wp\/v2\/pages\/88556\/revisions\/89230"}],"wp:attachment":[{"href":"https:\/\/www.nexxumgroup.com\/es\/wp-json\/wp\/v2\/media?parent=88556"}],"curies":[{"name":"wp","href":"https:\/\/api.w.org\/{rel}","templated":true}]}}